{"id":12760,"date":"2021-06-28T22:33:26","date_gmt":"2021-06-28T22:33:26","guid":{"rendered":"http:\/\/alpalaluf.com\/?page_id=12760"},"modified":"2021-06-28T22:36:57","modified_gmt":"2021-06-28T22:36:57","slug":"cocuk-goz","status":"publish","type":"page","link":"https:\/\/www.alpalaluf.com\/index.php\/cocuk-goz\/","title":{"rendered":"\u00c7ocuk G\u00f6z"},"content":{"rendered":"\t\t<div data-elementor-type=\"wp-page\" data-elementor-id=\"12760\" class=\"elementor elementor-12760\" data-elementor-settings=\"[]\">\n\t\t\t\t\t\t\t<div class=\"elementor-section-wrap\">\n\t\t\t\t\t        <section class=\"elementor-section elementor-top-section elementor-element elementor-element-ece8ae7 elementor-section-stretched elementor-section-boxed elementor-section-height-default elementor-section-height-default\" data-id=\"ece8ae7\" data-element_type=\"section\" data-settings=\"{&quot;stretch_section&quot;:&quot;section-stretched&quot;,&quot;background_background&quot;:&quot;classic&quot;}\">\n            \n                        <div class=\"elementor-container elementor-column-gap-default \">\n                    <div class=\"elementor-column elementor-col-100 elementor-top-column elementor-element elementor-element-0961eb9\" data-id=\"0961eb9\" data-element_type=\"column\">\n            <div class=\"elementor-widget-wrap elementor-element-populated\">\n                        \t\t<div class=\"elementor-element elementor-element-4aefc85 elementor-widget elementor-widget-cms_heading\" data-id=\"4aefc85\" data-element_type=\"widget\" data-widget_type=\"cms_heading.default\">\n\t\t\t\t<div class=\"elementor-widget-container\">\n\t\t\t<div class=\"cms-heading-wrapper cms-heading-layout1\">\r\n            <div class=\"custom-subheading\">G\u00f6z Hastal\u0131klar\u0131 Uzman\u0131 Op. Dr.  Alp ALALUF<\/div>\r\n    \r\n            <h2 class=\"custom-heading\">\r\n            <span >\u00c7OCUK G\u00d6Z<\/span>\r\n        <\/h2>\r\n        \r\n    <\/div>\t\t<\/div>\n\t\t\t\t<\/div>\n\t\t\t\t<div class=\"elementor-element elementor-element-d68066b elementor-widget elementor-widget-spacer\" data-id=\"d68066b\" data-element_type=\"widget\" data-widget_type=\"spacer.default\">\n\t\t\t\t<div class=\"elementor-widget-container\">\n\t\t\t\t\t<div class=\"elementor-spacer\">\n\t\t\t<div class=\"elementor-spacer-inner\"><\/div>\n\t\t<\/div>\n\t\t\t\t<\/div>\n\t\t\t\t<\/div>\n\t\t\t\t<div class=\"elementor-element elementor-element-bf8d122 elementor-widget elementor-widget-cms_service_grid\" data-id=\"bf8d122\" data-element_type=\"widget\" data-widget_type=\"cms_service_grid.default\">\n\t\t\t\t<div class=\"elementor-widget-container\">\n\t\t\t\r\n<div id=\"cms_service_grid-bf8d122\" class=\"cms-grid cms-service-grid layout1\" data-layout=\"masonry\" data-start-page=\"1\" data-max-pages=\"1\" data-total=\"9\" data-perpage=\"20\" data-next-link=\"\">\r\n    \r\n    <div class=\"cms-grid-inner cms-grid-masonry row gap-15 animation-time\" data-gutter=\"15\">\r\n                    <div class=\"grid-sizer col-xl-3 col-lg-3 col-md-6 col-sm-6 col-12\"><\/div>\r\n                                <div class=\"grid-item col-xl-3 col-lg-3 col-md-6 col-sm-6 col-12 \">\r\n                    <div class=\"grid-item-inner\">\r\n                                                    <div class=\"item-icon\">\r\n                                <img decoding=\"async\" src=\"http:\/\/alpalaluf.com\/wp-content\/uploads\/2020\/08\/service5.png\" alt=\"Enfeksiyonlar\" \/>\r\n                            <\/div>\r\n                            <div class=\"icon-overlay\">\r\n                                <img decoding=\"async\" src=\"http:\/\/alpalaluf.com\/wp-content\/uploads\/2020\/08\/service5.png\" alt=\"Enfeksiyonlar\" \/>\r\n                            <\/div>\r\n                                                <div class=\"entry-body\">\r\n                            <h3 class=\"entry-title\">\r\n                                <a href=\"https:\/\/www.alpalaluf.com\/index.php\/solution\/enfeksiyonlar\/\">Enfeksiyonlar<\/a>\r\n                            <\/h3>\r\n                                                            <div class=\"entry-content\">\r\n                                    G\u00f6z Hastal\u0131klar\u0131                                <\/div>\r\n                                                                                                                    <div class=\"entry-readmore\">\r\n                                    <a class=\"service-readmore btn\" href=\"https:\/\/www.alpalaluf.com\/index.php\/solution\/enfeksiyonlar\/\">\u0130ncele <i class=\"fac fac-arrow-right\"><\/i><\/a>\r\n                                <\/div>\r\n                                                    <\/div>\r\n                    <\/div>\r\n                <\/div>\r\n                            <div class=\"grid-item col-xl-3 col-lg-3 col-md-6 col-sm-6 col-12 \">\r\n                    <div class=\"grid-item-inner\">\r\n                                                    <div class=\"item-icon\">\r\n                                <img decoding=\"async\" src=\"http:\/\/alpalaluf.com\/wp-content\/uploads\/2020\/08\/service5.png\" alt=\"G\u00f6zya\u015flar\u0131 Yolu T\u0131kan\u0131kl\u0131\u011f\u0131\" \/>\r\n                            <\/div>\r\n                            <div class=\"icon-overlay\">\r\n                                <img decoding=\"async\" src=\"http:\/\/alpalaluf.com\/wp-content\/uploads\/2020\/08\/service5.png\" alt=\"G\u00f6zya\u015flar\u0131 Yolu T\u0131kan\u0131kl\u0131\u011f\u0131\" \/>\r\n                            <\/div>\r\n                                                <div class=\"entry-body\">\r\n                            <h3 class=\"entry-title\">\r\n                                <a href=\"https:\/\/www.alpalaluf.com\/index.php\/solution\/gozyaslari-yolu-tikanikligi\/\">G\u00f6zya\u015flar\u0131 Yolu T\u0131kan\u0131kl\u0131\u011f\u0131<\/a>\r\n                            <\/h3>\r\n                                                            <div class=\"entry-content\">\r\n                                    G\u00f6z Hastal\u0131klar\u0131                                <\/div>\r\n                                                                                                                    <div class=\"entry-readmore\">\r\n                                    <a class=\"service-readmore btn\" href=\"https:\/\/www.alpalaluf.com\/index.php\/solution\/gozyaslari-yolu-tikanikligi\/\">\u0130ncele <i class=\"fac fac-arrow-right\"><\/i><\/a>\r\n                                <\/div>\r\n                                                    <\/div>\r\n                    <\/div>\r\n                <\/div>\r\n                            <div class=\"grid-item col-xl-3 col-lg-3 col-md-6 col-sm-6 col-12 \">\r\n                    <div class=\"grid-item-inner\">\r\n                                                    <div class=\"item-icon\">\r\n                                <img decoding=\"async\" src=\"http:\/\/alpalaluf.com\/wp-content\/uploads\/2020\/08\/service5.png\" alt=\"Ptosis\" \/>\r\n                            <\/div>\r\n                            <div class=\"icon-overlay\">\r\n                                <img decoding=\"async\" src=\"http:\/\/alpalaluf.com\/wp-content\/uploads\/2020\/08\/service5.png\" alt=\"Ptosis\" \/>\r\n                            <\/div>\r\n                                                <div class=\"entry-body\">\r\n                            <h3 class=\"entry-title\">\r\n                                <a href=\"https:\/\/www.alpalaluf.com\/index.php\/solution\/ptosis\/\">Ptosis<\/a>\r\n                            <\/h3>\r\n                                                            <div class=\"entry-content\">\r\n                                    G\u00f6z Hastal\u0131klar\u0131                                <\/div>\r\n                                                                                                                    <div class=\"entry-readmore\">\r\n                                    <a class=\"service-readmore btn\" href=\"https:\/\/www.alpalaluf.com\/index.php\/solution\/ptosis\/\">\u0130ncele <i class=\"fac fac-arrow-right\"><\/i><\/a>\r\n                                <\/div>\r\n                                                    <\/div>\r\n                    <\/div>\r\n                <\/div>\r\n                            <div class=\"grid-item col-xl-3 col-lg-3 col-md-6 col-sm-6 col-12 \">\r\n                    <div class=\"grid-item-inner\">\r\n                                                    <div class=\"item-icon\">\r\n                                <img decoding=\"async\" src=\"http:\/\/alpalaluf.com\/wp-content\/uploads\/2020\/08\/service5.png\" alt=\"Premature Retinopatisi\" \/>\r\n                            <\/div>\r\n                            <div class=\"icon-overlay\">\r\n                                <img decoding=\"async\" src=\"http:\/\/alpalaluf.com\/wp-content\/uploads\/2020\/08\/service5.png\" alt=\"Premature Retinopatisi\" \/>\r\n                            <\/div>\r\n                                                <div class=\"entry-body\">\r\n                            <h3 class=\"entry-title\">\r\n                                <a href=\"https:\/\/www.alpalaluf.com\/index.php\/solution\/premature-retinopatisi\/\">Premature Retinopatisi<\/a>\r\n                            <\/h3>\r\n                                                            <div class=\"entry-content\">\r\n                                    G\u00f6z Hastal\u0131klar\u0131                                <\/div>\r\n                                                                                                                    <div class=\"entry-readmore\">\r\n                                    <a class=\"service-readmore btn\" href=\"https:\/\/www.alpalaluf.com\/index.php\/solution\/premature-retinopatisi\/\">\u0130ncele <i class=\"fac fac-arrow-right\"><\/i><\/a>\r\n                                <\/div>\r\n                                                    <\/div>\r\n                    <\/div>\r\n                <\/div>\r\n                            <div class=\"grid-item col-xl-3 col-lg-3 col-md-6 col-sm-6 col-12 \">\r\n                    <div class=\"grid-item-inner\">\r\n                                                    <div class=\"item-icon\">\r\n                                <img decoding=\"async\" src=\"http:\/\/alpalaluf.com\/wp-content\/uploads\/2020\/08\/service5.png\" alt=\"Ambliyopi\" \/>\r\n                            <\/div>\r\n                            <div class=\"icon-overlay\">\r\n                                <img decoding=\"async\" src=\"http:\/\/alpalaluf.com\/wp-content\/uploads\/2020\/08\/service5.png\" alt=\"Ambliyopi\" \/>\r\n                            <\/div>\r\n                                                <div class=\"entry-body\">\r\n                            <h3 class=\"entry-title\">\r\n                                <a href=\"https:\/\/www.alpalaluf.com\/index.php\/solution\/nistagmus\/\">Ambliyopi<\/a>\r\n                            <\/h3>\r\n                                                            <div class=\"entry-content\">\r\n                                    G\u00f6z Hastal\u0131klar\u0131                                <\/div>\r\n                                                                                                                    <div class=\"entry-readmore\">\r\n                                    <a class=\"service-readmore btn\" href=\"https:\/\/www.alpalaluf.com\/index.php\/solution\/nistagmus\/\">\u0130ncele <i class=\"fac fac-arrow-right\"><\/i><\/a>\r\n                                <\/div>\r\n                                                    <\/div>\r\n                    <\/div>\r\n                <\/div>\r\n                            <div class=\"grid-item col-xl-3 col-lg-3 col-md-6 col-sm-6 col-12 \">\r\n                    <div class=\"grid-item-inner\">\r\n                                                    <div class=\"item-icon\">\r\n                                <img decoding=\"async\" src=\"http:\/\/alpalaluf.com\/wp-content\/uploads\/2020\/08\/service5.png\" alt=\"Ambliyopi\" \/>\r\n                            <\/div>\r\n                            <div class=\"icon-overlay\">\r\n                                <img decoding=\"async\" src=\"http:\/\/alpalaluf.com\/wp-content\/uploads\/2020\/08\/service5.png\" alt=\"Ambliyopi\" \/>\r\n                            <\/div>\r\n                                                <div class=\"entry-body\">\r\n                            <h3 class=\"entry-title\">\r\n                                <a href=\"https:\/\/www.alpalaluf.com\/index.php\/solution\/ambliyopi\/\">Ambliyopi<\/a>\r\n                            <\/h3>\r\n                                                            <div class=\"entry-content\">\r\n                                    G\u00f6z Hastal\u0131klar\u0131                                <\/div>\r\n                                                                                                                    <div class=\"entry-readmore\">\r\n                                    <a class=\"service-readmore btn\" href=\"https:\/\/www.alpalaluf.com\/index.php\/solution\/ambliyopi\/\">\u0130ncele <i class=\"fac fac-arrow-right\"><\/i><\/a>\r\n                                <\/div>\r\n                                                    <\/div>\r\n                    <\/div>\r\n                <\/div>\r\n                            <div class=\"grid-item col-xl-3 col-lg-3 col-md-6 col-sm-6 col-12 \">\r\n                    <div class=\"grid-item-inner\">\r\n                                                    <div class=\"item-icon\">\r\n                                <img decoding=\"async\" src=\"http:\/\/alpalaluf.com\/wp-content\/uploads\/2020\/08\/service5.png\" alt=\"\u015ea\u015f\u0131l\u0131k\" \/>\r\n                            <\/div>\r\n                            <div class=\"icon-overlay\">\r\n                                <img decoding=\"async\" src=\"http:\/\/alpalaluf.com\/wp-content\/uploads\/2020\/08\/service5.png\" alt=\"\u015ea\u015f\u0131l\u0131k\" \/>\r\n                            <\/div>\r\n                                                <div class=\"entry-body\">\r\n                            <h3 class=\"entry-title\">\r\n                                <a href=\"https:\/\/www.alpalaluf.com\/index.php\/solution\/sasilik\/\">\u015ea\u015f\u0131l\u0131k<\/a>\r\n                            <\/h3>\r\n                                                            <div class=\"entry-content\">\r\n                                    G\u00f6z Hastal\u0131klar\u0131                                <\/div>\r\n                                                                                                                    <div class=\"entry-readmore\">\r\n                                    <a class=\"service-readmore btn\" href=\"https:\/\/www.alpalaluf.com\/index.php\/solution\/sasilik\/\">\u0130ncele <i class=\"fac fac-arrow-right\"><\/i><\/a>\r\n                                <\/div>\r\n                                                    <\/div>\r\n                    <\/div>\r\n                <\/div>\r\n                            <div class=\"grid-item col-xl-3 col-lg-3 col-md-6 col-sm-6 col-12 \">\r\n                    <div class=\"grid-item-inner\">\r\n                                                    <div class=\"item-icon\">\r\n                                <img decoding=\"async\" src=\"http:\/\/alpalaluf.com\/wp-content\/uploads\/2020\/08\/service5.png\" alt=\"Kayma Sorunlar\u0131\" \/>\r\n                            <\/div>\r\n                            <div class=\"icon-overlay\">\r\n                                <img decoding=\"async\" src=\"http:\/\/alpalaluf.com\/wp-content\/uploads\/2020\/08\/service5.png\" alt=\"Kayma Sorunlar\u0131\" \/>\r\n                            <\/div>\r\n                                                <div class=\"entry-body\">\r\n                            <h3 class=\"entry-title\">\r\n                                <a href=\"https:\/\/www.alpalaluf.com\/index.php\/solution\/kayma-sorunlari\/\">Kayma Sorunlar\u0131<\/a>\r\n                            <\/h3>\r\n                                                            <div class=\"entry-content\">\r\n                                    G\u00f6z Hastal\u0131klar\u0131                                <\/div>\r\n                                                                                                                    <div class=\"entry-readmore\">\r\n                                    <a class=\"service-readmore btn\" href=\"https:\/\/www.alpalaluf.com\/index.php\/solution\/kayma-sorunlari\/\">\u0130ncele <i class=\"fac fac-arrow-right\"><\/i><\/a>\r\n                                <\/div>\r\n                                                    <\/div>\r\n                    <\/div>\r\n                <\/div>\r\n                            <div class=\"grid-item col-xl-3 col-lg-3 col-md-6 col-sm-6 col-12 \">\r\n                    <div class=\"grid-item-inner\">\r\n                                                    <div class=\"item-icon\">\r\n                                <img decoding=\"async\" src=\"http:\/\/alpalaluf.com\/wp-content\/uploads\/2020\/08\/service5.png\" alt=\"\u00c7ocuk Katarakt\u0131\" \/>\r\n                            <\/div>\r\n                            <div class=\"icon-overlay\">\r\n                                <img decoding=\"async\" src=\"http:\/\/alpalaluf.com\/wp-content\/uploads\/2020\/08\/service5.png\" alt=\"\u00c7ocuk Katarakt\u0131\" \/>\r\n                            <\/div>\r\n                                                <div class=\"entry-body\">\r\n                            <h3 class=\"entry-title\">\r\n                                <a href=\"https:\/\/www.alpalaluf.com\/index.php\/solution\/cocuk-katarakti\/\">\u00c7ocuk Katarakt\u0131<\/a>\r\n                            <\/h3>\r\n                                                            <div class=\"entry-content\">\r\n                                    G\u00f6z Hastal\u0131klar\u0131                                <\/div>\r\n                                                                                                                    <div class=\"entry-readmore\">\r\n                                    <a class=\"service-readmore btn\" href=\"https:\/\/www.alpalaluf.com\/index.php\/solution\/cocuk-katarakti\/\">\u0130ncele <i class=\"fac fac-arrow-right\"><\/i><\/a>\r\n                                <\/div>\r\n                                                    <\/div>\r\n                    <\/div>\r\n                <\/div>\r\n                <\/div>\r\n        <\/div>\t\t<\/div>\n\t\t\t\t<\/div>\n\t\t            <\/div>\n        <\/div>\n                            <\/div>\n        <\/section>\n        \t\t\t\t<\/div>\n\t\t\t\t\t<\/div>\n\t\t","protected":false},"excerpt":{"rendered":"<p>G\u00f6z Hastal\u0131klar\u0131 Uzman\u0131 Op. Dr. Alp ALALUF \u00c7OCUK G\u00d6Z Enfeksiyonlar G\u00f6z Hastal\u0131klar\u0131 \u0130ncele G\u00f6zya\u015flar\u0131 Yolu T\u0131kan\u0131kl\u0131\u011f\u0131 G\u00f6z Hastal\u0131klar\u0131 \u0130ncele Ptosis G\u00f6z Hastal\u0131klar\u0131 \u0130ncele Premature Retinopatisi G\u00f6z Hastal\u0131klar\u0131 \u0130ncele Ambliyopi G\u00f6z Hastal\u0131klar\u0131 \u0130ncele Ambliyopi G\u00f6z Hastal\u0131klar\u0131 \u0130ncele \u015ea\u015f\u0131l\u0131k G\u00f6z Hastal\u0131klar\u0131 \u0130ncele Kayma Sorunlar\u0131 G\u00f6z Hastal\u0131klar\u0131 \u0130ncele \u00c7ocuk Katarakt\u0131 G\u00f6z Hastal\u0131klar\u0131 \u0130ncele<\/p>\n","protected":false},"author":1,"featured_media":0,"parent":0,"menu_order":0,"comment_status":"closed","ping_status":"closed","template":"","meta":{"footnotes":""},"class_list":["post-12760","page","type-page","status-publish","hentry"],"_links":{"self":[{"href":"https:\/\/www.alpalaluf.com\/index.php\/wp-json\/wp\/v2\/pages\/12760","targetHints":{"allow":["GET"]}}],"collection":[{"href":"https:\/\/www.alpalaluf.com\/index.php\/wp-json\/wp\/v2\/pages"}],"about":[{"href":"https:\/\/www.alpalaluf.com\/index.php\/wp-json\/wp\/v2\/types\/page"}],"author":[{"embeddable":true,"href":"https:\/\/www.alpalaluf.com\/index.php\/wp-json\/wp\/v2\/users\/1"}],"replies":[{"embeddable":true,"href":"https:\/\/www.alpalaluf.com\/index.php\/wp-json\/wp\/v2\/comments?post=12760"}],"version-history":[{"count":10,"href":"https:\/\/www.alpalaluf.com\/index.php\/wp-json\/wp\/v2\/pages\/12760\/revisions"}],"predecessor-version":[{"id":12770,"href":"https:\/\/www.alpalaluf.com\/index.php\/wp-json\/wp\/v2\/pages\/12760\/revisions\/12770"}],"wp:attachment":[{"href":"https:\/\/www.alpalaluf.com\/index.php\/wp-json\/wp\/v2\/media?parent=12760"}],"curies":[{"name":"wp","href":"https:\/\/api.w.org\/{rel}","templated":true}]}}