{"id":10,"date":"2020-08-29T02:16:55","date_gmt":"2020-08-29T02:16:55","guid":{"rendered":"https:\/\/demo.cmssuperheroes.com\/themeforest\/koira\/?page_id=10"},"modified":"2021-08-12T11:23:16","modified_gmt":"2021-08-12T11:23:16","slug":"iletisim","status":"publish","type":"page","link":"https:\/\/www.alpalaluf.com\/index.php\/iletisim\/","title":{"rendered":"\u0130leti\u015fim"},"content":{"rendered":"\t\t<div data-elementor-type=\"wp-page\" data-elementor-id=\"10\" class=\"elementor elementor-10\" data-elementor-settings=\"[]\">\n\t\t\t\t\t\t\t<div class=\"elementor-section-wrap\">\n\t\t\t\t\t        <section class=\"elementor-section elementor-top-section elementor-element elementor-element-3d1a3ef elementor-section-stretched elementor-section-full_width elementor-section-height-default elementor-section-height-default\" data-id=\"3d1a3ef\" data-element_type=\"section\" data-settings=\"{&quot;stretch_section&quot;:&quot;section-stretched&quot;,&quot;background_background&quot;:&quot;classic&quot;}\">\n            \n                        <div class=\"elementor-container elementor-column-gap-no \">\n                    <div class=\"elementor-column elementor-col-100 elementor-top-column elementor-element elementor-element-b7530ab\" data-id=\"b7530ab\" data-element_type=\"column\">\n            <div class=\"elementor-widget-wrap elementor-element-populated\">\n                        \t\t<div class=\"elementor-element elementor-element-5e0abb6 elementor-widget elementor-widget-google_maps\" data-id=\"5e0abb6\" data-element_type=\"widget\" data-widget_type=\"google_maps.default\">\n\t\t\t\t<div class=\"elementor-widget-container\">\n\t\t\t\t\t<div class=\"elementor-custom-embed\">\n\t\t\t<iframe frameborder=\"0\" scrolling=\"no\" marginheight=\"0\" marginwidth=\"0\" src=\"https:\/\/maps.google.com\/maps?q=ali%20%C3%A7etinkaya%20bulvar%C4%B1%20no%2071&amp;t=m&amp;z=14&amp;output=embed&amp;iwloc=near\" title=\"%3$s\" aria-label=\"%3$s\"><\/iframe>\n\t\t<\/div>\n\t\t\t\t<\/div>\n\t\t\t\t<\/div>\n\t\t            <\/div>\n        <\/div>\n                            <\/div>\n        <\/section>\n                <section class=\"elementor-section elementor-top-section elementor-element elementor-element-cb51aaf elementor-section-stretched elementor-section-boxed elementor-section-height-default elementor-section-height-default\" data-id=\"cb51aaf\" data-element_type=\"section\" data-settings=\"{&quot;stretch_section&quot;:&quot;section-stretched&quot;,&quot;background_background&quot;:&quot;classic&quot;}\">\n                            <div class=\"elementor-background-overlay\"><\/div>\n                \n                        <div class=\"elementor-container elementor-column-gap-default \">\n                    <div class=\"elementor-column elementor-col-100 elementor-top-column elementor-element elementor-element-6515618b\" data-id=\"6515618b\" data-element_type=\"column\">\n            <div class=\"elementor-widget-wrap elementor-element-populated\">\n                                <section class=\"elementor-section elementor-inner-section elementor-element elementor-element-3fb82595 elementor-section-boxed elementor-section-height-default elementor-section-height-default\" data-id=\"3fb82595\" data-element_type=\"section\" data-settings=\"{&quot;background_background&quot;:&quot;classic&quot;}\">\n            \n                        <div class=\"elementor-container elementor-column-gap-default \">\n                    <div class=\"elementor-column elementor-col-50 elementor-inner-column elementor-element elementor-element-58683ac5\" data-id=\"58683ac5\" data-element_type=\"column\">\n            <div class=\"elementor-widget-wrap elementor-element-populated\">\n                        \t\t<div class=\"elementor-element elementor-element-a547ecb elementor-widget elementor-widget-cms_ctf7\" data-id=\"a547ecb\" data-element_type=\"widget\" data-widget_type=\"cms_ctf7.default\">\n\t\t\t\t<div class=\"elementor-widget-container\">\n\t\t\t    <div id=\"cms_ctf7-a547ecb\" class=\"cms-contact-form style1\">\r\n        <div class=\"cms-contact-form-inner\">\r\n        \t            <div role=\"form\" class=\"wpcf7\" id=\"wpcf7-f6512-o1\" lang=\"en-US\" dir=\"ltr\">\n<div class=\"screen-reader-response\"><p role=\"status\" aria-live=\"polite\" aria-atomic=\"true\"><\/p> <ul><\/ul><\/div>\n<form action=\"\/index.php\/wp-json\/wp\/v2\/pages\/10#wpcf7-f6512-o1\" method=\"post\" class=\"wpcf7-form init\" novalidate=\"novalidate\" data-status=\"init\">\n<div style=\"display: none;\">\n<input type=\"hidden\" name=\"_wpcf7\" value=\"6512\" \/>\n<input type=\"hidden\" name=\"_wpcf7_version\" value=\"5.4.1\" \/>\n<input type=\"hidden\" name=\"_wpcf7_locale\" value=\"en_US\" \/>\n<input type=\"hidden\" name=\"_wpcf7_unit_tag\" value=\"wpcf7-f6512-o1\" \/>\n<input type=\"hidden\" name=\"_wpcf7_container_post\" value=\"0\" \/>\n<input type=\"hidden\" name=\"_wpcf7_posted_data_hash\" value=\"\" \/>\n<\/div>\n<h4>Bilgi ve \u0130leti\u015fim<\/h4>\n<p style=\"font-size:15px; margin-top:15px; margin-bottom:32px;\">L\u00fctfen genel veya t\u0131bbi sorular\u0131n\u0131z i\u00e7in g\u00fcler y\u00fczl\u00fc resepsiyon personelimizle ileti\u015fime ge\u00e7ebilirsiniz. Ekibimiz acil aramalar\u0131 alacak veya geri d\u00f6necektir.<\/p>\n<div class=\"row\">\n    <div class=\"col-sm-12 col-md-6 col-lg-6\">\n        <div class=\"input-filled\"><span class=\"wpcf7-form-control-wrap your-name\"><input type=\"text\" name=\"your-name\" value=\"\" size=\"40\" class=\"wpcf7-form-control wpcf7-text wpcf7-validates-as-required\" aria-required=\"true\" aria-invalid=\"false\" placeholder=\"Ad Soyad\" \/><\/span><\/div>\n    <\/div>\n    <div class=\"col-sm-12 col-md-6 col-lg-6\">\n        <div class=\"input-filled\"><span class=\"wpcf7-form-control-wrap your-email\"><input type=\"email\" name=\"your-email\" value=\"\" size=\"40\" class=\"wpcf7-form-control wpcf7-text wpcf7-email wpcf7-validates-as-required wpcf7-validates-as-email\" aria-required=\"true\" aria-invalid=\"false\" placeholder=\"E-Posta\" \/><\/span><\/div>\n    <\/div>\n<\/div>\n\n<div class=\"row\">\n    <div class=\"col-sm-12 col-md-6 col-lg-6\">\n        <div class=\"input-filled\"><span class=\"wpcf7-form-control-wrap your-subject\"><select name=\"your-subject\" class=\"wpcf7-form-control wpcf7-select\" aria-invalid=\"false\"><option value=\"Konu\">Konu<\/option><option value=\"Bilgi\">Bilgi<\/option><option value=\"Soru\">Soru<\/option><\/select><\/span><\/div>\n    <\/div>\n    <div class=\"col-sm-12 col-md-6 col-lg-6\">\n        <div class=\"input-filled\"><span class=\"wpcf7-form-control-wrap your-phone\"><input type=\"text\" name=\"your-phone\" value=\"\" size=\"40\" class=\"wpcf7-form-control wpcf7-text wpcf7-validates-as-required\" aria-required=\"true\" aria-invalid=\"false\" placeholder=\"Telefon\" \/><\/span><\/div>\n    <\/div>\n<\/div>\n\n<div class=\"row\">\n    <div class=\"col-12\">\n        <div class=\"input-filled\"><span class=\"wpcf7-form-control-wrap your-message\"><textarea name=\"your-message\" cols=\"40\" rows=\"10\" class=\"wpcf7-form-control wpcf7-textarea wpcf7-validates-as-required\" aria-required=\"true\" aria-invalid=\"false\" placeholder=\"Detaylar\"><\/textarea><\/span><\/div>\n    <\/div>\n<\/div>\n\n<div class=\"row\">\n    <div class=\"col-12\">\n      <button style=\"line-height: 66px;\" type=\"submit\" class=\"wpcf7-submit btn btn-secondary btn-fullwidth\"><i class=\"fas fa-arrow-circle-right space-right\" style=\"margin-left:7px;\"><\/i> Formu G\u00f6nder<\/button>\n    <\/div>\n<\/div><div class=\"wpcf7-response-output\" aria-hidden=\"true\"><\/div><\/form><\/div>        <\/div>\r\n    <\/div>\r\n\t\t<\/div>\n\t\t\t\t<\/div>\n\t\t            <\/div>\n        <\/div>\n                <div class=\"elementor-column elementor-col-50 elementor-inner-column elementor-element elementor-element-6c11abca box-border-60 secondary\" data-id=\"6c11abca\" data-element_type=\"column\" data-settings=\"{&quot;background_background&quot;:&quot;classic&quot;}\">\n            <div class=\"elementor-widget-wrap elementor-element-populated\">\n                    <div class=\"elementor-background-overlay\"><\/div>\n                        \t\t<div class=\"elementor-element elementor-element-dca94a0 elementor-widget elementor-widget-cms_heading\" data-id=\"dca94a0\" data-element_type=\"widget\" data-widget_type=\"cms_heading.default\">\n\t\t\t\t<div class=\"elementor-widget-container\">\n\t\t\t<div class=\"cms-heading-wrapper cms-heading-layout1\">\r\n    \r\n            <h3 class=\"custom-heading\">\r\n            <span >H\u0131zl\u0131 \u0130leti\u015fim<\/span>\r\n        <\/h3>\r\n        \r\n    <\/div>\t\t<\/div>\n\t\t\t\t<\/div>\n\t\t\t\t<div class=\"elementor-element elementor-element-792f3090 elementor-widget elementor-widget-text-editor\" data-id=\"792f3090\" data-element_type=\"widget\" data-widget_type=\"text-editor.default\">\n\t\t\t\t<div class=\"elementor-widget-container\">\n\t\t\t\t\t\t\t\t<p>Bilgi, randevu ve sigorta hakk\u0131nda g\u00f6r\u00fc\u015fmek i\u00e7in bize ula\u015f\u0131n.<\/p>\t\t\t\t\t\t<\/div>\n\t\t\t\t<\/div>\n\t\t\t\t<div class=\"elementor-element elementor-element-3451af1f elementor-icon-list--layout-traditional elementor-list-item-link-full_width elementor-widget elementor-widget-icon-list\" data-id=\"3451af1f\" data-element_type=\"widget\" data-widget_type=\"icon-list.default\">\n\t\t\t\t<div class=\"elementor-widget-container\">\n\t\t\t\t\t<ul class=\"elementor-icon-list-items\">\n\t\t\t\t\t\t\t<li class=\"elementor-icon-list-item\">\n\t\t\t\t\t<a href=\"tel:+905300386326\" target=\"_blank\" rel=\"nofollow\">\t\t\t\t\t\t<span class=\"elementor-icon-list-icon\">\n\t\t\t\t\t\t\t<i aria-hidden=\"true\" class=\"fas fa-phone-alt\"><\/i>\t\t\t\t\t\t<\/span>\n\t\t\t\t\t\t\t\t\t\t<span class=\"elementor-icon-list-text\">\u0130leti\u015fim Hatt\u0131: 0530 038 63 26<\/span>\n\t\t\t\t\t\t\t\t\t\t\t<\/a>\n\t\t\t\t\t\t\t\t\t<\/li>\n\t\t\t\t\t\t\t\t<li class=\"elementor-icon-list-item\">\n\t\t\t\t\t<a href=\"tel:+905300386326\" target=\"_blank\" rel=\"nofollow\">\t\t\t\t\t\t<span class=\"elementor-icon-list-icon\">\n\t\t\t\t\t\t\t<i aria-hidden=\"true\" class=\"fas fa-phone-alt\"><\/i>\t\t\t\t\t\t<\/span>\n\t\t\t\t\t\t\t\t\t\t<span class=\"elementor-icon-list-text\">Randevu Hatt\u0131: 0530 038 63 26<\/span>\n\t\t\t\t\t\t\t\t\t\t\t<\/a>\n\t\t\t\t\t\t\t\t\t<\/li>\n\t\t\t\t\t\t\t\t<li class=\"elementor-icon-list-item\">\n\t\t\t\t\t<a href=\"https:\/\/www.google.com\/maps\/place\/Mimar+Sinan,+Ali+\u00c7etinkaya+Blv+No:71,+35220+Konak%2F\u0130zmir\/@38.433793,27.1445281,17z\/data=!3m1!4b1!4m5!3m4!1s0x14bbd85c2c2926c7:0xa4f233add033fd4a!8m2!3d38.4337888!4d27.1467168\" target=\"_blank\" rel=\"nofollow\">\t\t\t\t\t\t<span class=\"elementor-icon-list-icon\">\n\t\t\t\t\t\t\t<i aria-hidden=\"true\" class=\"fas fa-map-marker-alt\"><\/i>\t\t\t\t\t\t<\/span>\n\t\t\t\t\t\t\t\t\t\t<span class=\"elementor-icon-list-text\">Adres: Ali \u00c7etinkaya Bulvar\u0131 No:71 K:2\/4 Alsancak, Konak\/\u0130ZM\u0130R<\/span>\n\t\t\t\t\t\t\t\t\t\t\t<\/a>\n\t\t\t\t\t\t\t\t\t<\/li>\n\t\t\t\t\t\t\t\t<li class=\"elementor-icon-list-item\">\n\t\t\t\t\t\t\t\t\t\t\t<span class=\"elementor-icon-list-icon\">\n\t\t\t\t\t\t\t<i aria-hidden=\"true\" class=\"fas fa-clock\"><\/i>\t\t\t\t\t\t<\/span>\n\t\t\t\t\t\t\t\t\t\t<span class=\"elementor-icon-list-text\">Pzt - Sal\u0131 - Pr\u015f - Cuma: 10.00-18.00<\/span>\n\t\t\t\t\t\t\t\t\t<\/li>\n\t\t\t\t\t\t<\/ul>\n\t\t\t\t<\/div>\n\t\t\t\t<\/div>\n\t\t\t\t<div class=\"elementor-element elementor-element-25f36220 elementor-widget elementor-widget-cms_button\" data-id=\"25f36220\" data-element_type=\"widget\" data-widget_type=\"cms_button.default\">\n\t\t\t\t<div class=\"elementor-widget-container\">\n\t\t\t<div class=\"cms-button-wrapper cms-button layout1\">\r\n    <a href=\"http:\/\/alpalaluf.com\/index.php\/hakkinda\/\" target=\"_blank\" rel=\"nofollow\" class=\"btn btn-outline-white\">\r\n                            <span class=\"cms-button-icon cms-align-icon-\">\r\n                            <\/span>\r\n                <span class=\"cms-button-text\">Doktor Hakk\u0131nda<\/span>\r\n    <\/a>\r\n<\/div>\t\t<\/div>\n\t\t\t\t<\/div>\n\t\t            <\/div>\n        <\/div>\n                            <\/div>\n        <\/section>\n                    <\/div>\n        <\/div>\n                            <\/div>\n        <\/section>\n                <section class=\"elementor-section elementor-top-section elementor-element elementor-element-706d582 elementor-section-full_width elementor-section-stretched elementor-section-height-default elementor-section-height-default\" data-id=\"706d582\" data-element_type=\"section\" data-settings=\"{&quot;stretch_section&quot;:&quot;section-stretched&quot;}\">\n            \n                        <div class=\"elementor-container elementor-column-gap-default \">\n                    <div class=\"elementor-column elementor-col-100 elementor-top-column elementor-element elementor-element-f08ad24\" data-id=\"f08ad24\" data-element_type=\"column\">\n            <div class=\"elementor-widget-wrap elementor-element-populated\">\n                        \t\t<div class=\"elementor-element elementor-element-5ff111b elementor-widget elementor-widget-cms_image_carousel\" data-id=\"5ff111b\" data-element_type=\"widget\" data-widget_type=\"cms_image_carousel.default\">\n\t\t\t\t<div class=\"elementor-widget-container\">\n\t\t\t    <div class=\"cms-image-carousel layout2 cms-slick-slider\">\n        <div class=\"cms-slick-carousel\" data-arrows=\"true\" data-dots=\"\" data-infinite=\"true\" data-speed=\"500\" data-slidesToShow=\"4\" data-slidesToShowTablet=\"3\" data-slidesToShowMobile=\"2\" data-slidesToScroll=\"1\" data-slidesToScrollTablet=\"1\" data-slidesToScrollMobile=\"1\">\n                                    <div class=\"slick-slide\">\n                        <div class=\"item-image images-light-box\">\n                            <a class=\"light-box\" data-elementor-open-lightbox=\"no\" href=\"http:\/\/alpalaluf.com\/wp-content\/uploads\/2021\/06\/anadolu.jpg\">\n                                <img decoding=\"async\" src=\"https:\/\/www.alpalaluf.com\/wp-content\/uploads\/2021\/06\/anadolu.jpg\" title=\"anadolu\" alt=\"anadolu\" \/>                            <\/a>\n                        <\/div>\n                    <\/div>\n                                        <div class=\"slick-slide\">\n                        <div class=\"item-image images-light-box\">\n                            <a class=\"light-box\" data-elementor-open-lightbox=\"no\" href=\"http:\/\/alpalaluf.com\/wp-content\/uploads\/2021\/06\/allianz.jpg\">\n                                <img decoding=\"async\" src=\"https:\/\/www.alpalaluf.com\/wp-content\/uploads\/2021\/06\/allianz.jpg\" title=\"allianz\" alt=\"allianz\" \/>                            <\/a>\n                        <\/div>\n                    <\/div>\n                                        <div class=\"slick-slide\">\n                        <div class=\"item-image images-light-box\">\n                            <a class=\"light-box\" data-elementor-open-lightbox=\"no\" href=\"http:\/\/alpalaluf.com\/wp-content\/uploads\/2021\/06\/aksigorta.jpg\">\n                                <img decoding=\"async\" src=\"https:\/\/www.alpalaluf.com\/wp-content\/uploads\/2021\/06\/aksigorta.jpg\" title=\"aksigorta\" alt=\"aksigorta\" \/>                            <\/a>\n                        <\/div>\n                    <\/div>\n                                        <div class=\"slick-slide\">\n                        <div class=\"item-image images-light-box\">\n                            <a class=\"light-box\" data-elementor-open-lightbox=\"no\" href=\"http:\/\/alpalaluf.com\/wp-content\/uploads\/2021\/06\/acibadem.jpg\">\n                                <img decoding=\"async\" src=\"https:\/\/www.alpalaluf.com\/wp-content\/uploads\/2021\/06\/acibadem.jpg\" title=\"acibadem\" alt=\"acibadem\" \/>                            <\/a>\n                        <\/div>\n                    <\/div>\n                                        <div class=\"slick-slide\">\n                        <div class=\"item-image images-light-box\">\n                            <a class=\"light-box\" data-elementor-open-lightbox=\"no\" href=\"http:\/\/alpalaluf.com\/wp-content\/uploads\/2021\/06\/yapikredi.jpg\">\n                                <img decoding=\"async\" src=\"https:\/\/www.alpalaluf.com\/wp-content\/uploads\/2021\/06\/yapikredi.jpg\" title=\"yapikredi\" alt=\"yapikredi\" \/>                            <\/a>\n                        <\/div>\n                    <\/div>\n                                        <div class=\"slick-slide\">\n                        <div class=\"item-image images-light-box\">\n                            <a class=\"light-box\" data-elementor-open-lightbox=\"no\" href=\"http:\/\/alpalaluf.com\/wp-content\/uploads\/2021\/06\/mapfregenel.jpg\">\n                                <img decoding=\"async\" src=\"https:\/\/www.alpalaluf.com\/wp-content\/uploads\/2021\/06\/mapfregenel.jpg\" title=\"mapfregenel\" alt=\"mapfregenel\" \/>                            <\/a>\n                        <\/div>\n                    <\/div>\n                                        <div class=\"slick-slide\">\n                        <div class=\"item-image images-light-box\">\n                            <a class=\"light-box\" data-elementor-open-lightbox=\"no\" href=\"http:\/\/alpalaluf.com\/wp-content\/uploads\/2021\/06\/gunessigorta.jpg\">\n                                <img decoding=\"async\" src=\"https:\/\/www.alpalaluf.com\/wp-content\/uploads\/2021\/06\/gunessigorta.jpg\" title=\"gunessigorta\" alt=\"gunessigorta\" \/>                            <\/a>\n                        <\/div>\n                    <\/div>\n                                        <div class=\"slick-slide\">\n                        <div class=\"item-image images-light-box\">\n                            <a class=\"light-box\" data-elementor-open-lightbox=\"no\" href=\"http:\/\/alpalaluf.com\/wp-content\/uploads\/2021\/06\/genelsigorta.jpg\">\n                                <img decoding=\"async\" src=\"https:\/\/www.alpalaluf.com\/wp-content\/uploads\/2021\/06\/genelsigorta.jpg\" title=\"genelsigorta\" alt=\"genelsigorta\" \/>                            <\/a>\n                        <\/div>\n                    <\/div>\n                                        <div class=\"slick-slide\">\n                        <div class=\"item-image images-light-box\">\n                            <a class=\"light-box\" data-elementor-open-lightbox=\"no\" href=\"http:\/\/alpalaluf.com\/wp-content\/uploads\/2021\/06\/demirsigorta.jpg\">\n                                <img decoding=\"async\" src=\"https:\/\/www.alpalaluf.com\/wp-content\/uploads\/2021\/06\/demirsigorta.jpg\" title=\"demirsigorta\" alt=\"demirsigorta\" \/>                            <\/a>\n                        <\/div>\n                    <\/div>\n                                        <div class=\"slick-slide\">\n                        <div class=\"item-image images-light-box\">\n                            <a class=\"light-box\" data-elementor-open-lightbox=\"no\" href=\"http:\/\/alpalaluf.com\/wp-content\/uploads\/2021\/06\/axasigorta.jpg\">\n                                <img decoding=\"async\" src=\"https:\/\/www.alpalaluf.com\/wp-content\/uploads\/2021\/06\/axasigorta.jpg\" title=\"axasigorta\" alt=\"axasigorta\" \/>                            <\/a>\n                        <\/div>\n                    <\/div>\n                                <\/div>\n    <\/div>\n\t\t<\/div>\n\t\t\t\t<\/div>\n\t\t            <\/div>\n        <\/div>\n                            <\/div>\n        <\/section>\n        \t\t\t\t<\/div>\n\t\t\t\t\t<\/div>\n\t\t","protected":false},"excerpt":{"rendered":"<p>Bilgi ve \u0130leti\u015fim L\u00fctfen genel veya t\u0131bbi sorular\u0131n\u0131z i\u00e7in g\u00fcler y\u00fczl\u00fc resepsiyon personelimizle ileti\u015fime ge\u00e7ebilirsiniz. Ekibimiz acil aramalar\u0131 alacak veya geri d\u00f6necektir. KonuBilgiSoru Formu G\u00f6nder H\u0131zl\u0131 \u0130leti\u015fim Bilgi, randevu ve sigorta hakk\u0131nda g\u00f6r\u00fc\u015fmek i\u00e7in bize ula\u015f\u0131n. \u0130leti\u015fim Hatt\u0131: 0530 038 63 26 Randevu Hatt\u0131: 0530 038 63 26 Adres: Ali \u00c7etinkaya Bulvar\u0131 No:71 K:2\/4 Alsancak, [&hellip;]<\/p>\n","protected":false},"author":1,"featured_media":0,"parent":0,"menu_order":0,"comment_status":"closed","ping_status":"closed","template":"","meta":{"footnotes":""},"class_list":["post-10","page","type-page","status-publish","hentry"],"_links":{"self":[{"href":"https:\/\/www.alpalaluf.com\/index.php\/wp-json\/wp\/v2\/pages\/10","targetHints":{"allow":["GET"]}}],"collection":[{"href":"https:\/\/www.alpalaluf.com\/index.php\/wp-json\/wp\/v2\/pages"}],"about":[{"href":"https:\/\/www.alpalaluf.com\/index.php\/wp-json\/wp\/v2\/types\/page"}],"author":[{"embeddable":true,"href":"https:\/\/www.alpalaluf.com\/index.php\/wp-json\/wp\/v2\/users\/1"}],"replies":[{"embeddable":true,"href":"https:\/\/www.alpalaluf.com\/index.php\/wp-json\/wp\/v2\/comments?post=10"}],"version-history":[{"count":16,"href":"https:\/\/www.alpalaluf.com\/index.php\/wp-json\/wp\/v2\/pages\/10\/revisions"}],"predecessor-version":[{"id":13032,"href":"https:\/\/www.alpalaluf.com\/index.php\/wp-json\/wp\/v2\/pages\/10\/revisions\/13032"}],"wp:attachment":[{"href":"https:\/\/www.alpalaluf.com\/index.php\/wp-json\/wp\/v2\/media?parent=10"}],"curies":[{"name":"wp","href":"https:\/\/api.w.org\/{rel}","templated":true}]}}